{"id":5040,"date":"2025-01-27T21:30:08","date_gmt":"2025-01-28T03:30:08","guid":{"rendered":"https:\/\/www.compumashn.net\/inicio\/?post_type=product&#038;p=5040"},"modified":"2025-07-06T13:02:10","modified_gmt":"2025-07-06T19:02:10","slug":"mikrotik-ccr2216-1g-12xs-2xq","status":"publish","type":"product","link":"https:\/\/www.compumashn.net\/inicio\/product\/mikrotik-ccr2216-1g-12xs-2xq\/","title":{"rendered":"MIKROTIK CCR2216-1G-12XS-2XQ"},"content":{"rendered":"<p>Cloud Core Router 2216. Su\u00a0potente CPU de 16 n\u00facleos\u00a0puede competir con la poderosa CPU Tile de 72 n\u00facleos de nuestro producto estrella anterior: el CCR1072.<\/p>\n<p>Pero el excepcional\u00a0chip conmutador Marvell Prestera Aldrin2\u00a0realmente lleva la tecnolog\u00eda al siguiente nivel con\u00a0la descarga de hardware L3\u00a0. Nuestro CCR2116 anterior inclu\u00eda un chip conmutador con cuatro l\u00edneas de conexi\u00f3n de CPU de 10 G, pero esta vez hay cuatro l\u00edneas de 25 G.<\/p>\n<p>Hay\u00a02 compartimentos QSFP28\u00a0para una conectividad ultrarr\u00e1pida de 100 Gigabit,\u00a012 compartimentos SFP28\u00a0para redes de 25 Gigabit y un\u00a0puerto\u00a0Gigabit Ethernet . El dispositivo viene con\u00a016 GB de RAM\u00a0, almacenamiento NAND decente y\u00a0dos ranuras M.2 SATA\u00a0para almacenamiento adicional. Hay cuatro ventiladores intercambiables en caliente, as\u00ed como fuentes de alimentaci\u00f3n intercambiables en caliente con redundancia dual. Y estas fuentes de alimentaci\u00f3n pueden resultarte familiares si ya has utilizado nuestro CCR1072 antes: puedes seguir utilizando tus fuentes de alimentaci\u00f3n intercambiables en caliente y m\u00f3dulos SFP anteriores.<\/p>\n","protected":false},"excerpt":{"rendered":"<p>El nuevo buque insignia de MikroTik con la potencia de toda una flota. \u00a1Libere el poder de la red de 100 Gigabit con la descarga de hardware L3! Este enrutador puede ser una actualizaci\u00f3n pr\u00e1ctica para las configuraciones CCR1072 existentes.<\/p>\n","protected":false},"featured_media":5042,"template":"","meta":{"_monsterinsights_skip_tracking":false,"_monsterinsights_sitenote_active":false,"_monsterinsights_sitenote_note":"","_monsterinsights_sitenote_category":0},"product_brand":[159],"product_cat":[149,150],"product_tag":[],"class_list":{"0":"post-5040","1":"product","2":"type-product","3":"status-publish","4":"has-post-thumbnail","6":"product_brand-mikrotik","7":"product_cat-mikrotik","8":"product_cat-routers-ethernet","9":"notblog","11":"first","12":"instock","13":"taxable","14":"shipping-taxable","15":"purchasable","16":"product-type-simple"},"_links":{"self":[{"href":"https:\/\/www.compumashn.net\/inicio\/wp-json\/wp\/v2\/product\/5040","targetHints":{"allow":["GET"]}}],"collection":[{"href":"https:\/\/www.compumashn.net\/inicio\/wp-json\/wp\/v2\/product"}],"about":[{"href":"https:\/\/www.compumashn.net\/inicio\/wp-json\/wp\/v2\/types\/product"}],"wp:featuredmedia":[{"embeddable":true,"href":"https:\/\/www.compumashn.net\/inicio\/wp-json\/wp\/v2\/media\/5042"}],"wp:attachment":[{"href":"https:\/\/www.compumashn.net\/inicio\/wp-json\/wp\/v2\/media?parent=5040"}],"wp:term":[{"taxonomy":"product_brand","embeddable":true,"href":"https:\/\/www.compumashn.net\/inicio\/wp-json\/wp\/v2\/product_brand?post=5040"},{"taxonomy":"product_cat","embeddable":true,"href":"https:\/\/www.compumashn.net\/inicio\/wp-json\/wp\/v2\/product_cat?post=5040"},{"taxonomy":"product_tag","embeddable":true,"href":"https:\/\/www.compumashn.net\/inicio\/wp-json\/wp\/v2\/product_tag?post=5040"}],"curies":[{"name":"wp","href":"https:\/\/api.w.org\/{rel}","templated":true}]}}