{"id":5043,"date":"2025-01-28T08:24:58","date_gmt":"2025-01-28T14:24:58","guid":{"rendered":"https:\/\/www.compumashn.net\/inicio\/?post_type=product&#038;p=5043"},"modified":"2025-07-06T13:01:59","modified_gmt":"2025-07-06T19:01:59","slug":"mikrotik-ccr2116-12g-4s","status":"publish","type":"product","link":"https:\/\/www.compumashn.net\/inicio\/product\/mikrotik-ccr2116-12g-4s\/","title":{"rendered":"MIKROTIK CCR2116-12G-4S+"},"content":{"rendered":"<div class=\"flex max-w-full flex-col flex-grow\">\n<div class=\"min-h-8 text-message flex w-full flex-col items-end gap-2 whitespace-normal break-words text-start [.text-message+&amp;]:mt-5\" dir=\"auto\" data-message-author-role=\"assistant\" data-message-id=\"6ef98b87-626d-45cd-8960-8f2ebc801186\" data-message-model-slug=\"gpt-4o\">\n<div class=\"flex w-full flex-col gap-1 empty:hidden first:pt-[3px]\">\n<div class=\"markdown prose w-full break-words dark:prose-invert dark\">\n<p>El CCR2116-12G-4S+ combina la red confiable de 10G con una CPU Alpine de Amazon Annapurna Labs de 16 n\u00facleos a 2 GHz, ofreciendo un rendimiento de un solo n\u00facleo al menos un 15% superior al CCR2004 y duplicando el rendimiento del CCR1036 con 36 n\u00facleos. Incluye cuatro puertos SFP+ de 10G con l\u00edneas independientes full-duplex conectadas al chip Marvell Aldrin, doce puertos Gigabit Ethernet gestionados por un chip Marvell, y un puerto Gigabit dedicado a la CPU para administraci\u00f3n. Adem\u00e1s, cuenta con fuente de alimentaci\u00f3n redundante dual para mayor confiabilidad en entornos exigentes.<\/p>\n<\/div>\n<\/div>\n<\/div>\n<\/div>\n","protected":false},"excerpt":{"rendered":"<div class=\"large-12 columns title-img2\">\n<div class=\"productTitleWrap\">\n<div class=\"productTitleTextWrap\"><span class=\"productMainDescr\"><span>Potente CCR basado en CPU ARM de 16 n\u00facleos. Duplica el rendimiento del CCR anterior de 36 n\u00facleos y rendimiento BGP 6 veces m\u00e1s r\u00e1pido. Incluye una ranura PCIe M.2.<\/span><\/span><\/div>\n<\/div>\n<\/div>\n","protected":false},"featured_media":5045,"template":"","meta":{"_monsterinsights_skip_tracking":false,"_monsterinsights_sitenote_active":false,"_monsterinsights_sitenote_note":"","_monsterinsights_sitenote_category":0},"product_brand":[159],"product_cat":[149,150],"product_tag":[],"class_list":{"0":"post-5043","1":"product","2":"type-product","3":"status-publish","4":"has-post-thumbnail","6":"product_brand-mikrotik","7":"product_cat-mikrotik","8":"product_cat-routers-ethernet","9":"notblog","11":"first","12":"instock","13":"taxable","14":"shipping-taxable","15":"purchasable","16":"product-type-simple"},"_links":{"self":[{"href":"https:\/\/www.compumashn.net\/inicio\/wp-json\/wp\/v2\/product\/5043","targetHints":{"allow":["GET"]}}],"collection":[{"href":"https:\/\/www.compumashn.net\/inicio\/wp-json\/wp\/v2\/product"}],"about":[{"href":"https:\/\/www.compumashn.net\/inicio\/wp-json\/wp\/v2\/types\/product"}],"wp:featuredmedia":[{"embeddable":true,"href":"https:\/\/www.compumashn.net\/inicio\/wp-json\/wp\/v2\/media\/5045"}],"wp:attachment":[{"href":"https:\/\/www.compumashn.net\/inicio\/wp-json\/wp\/v2\/media?parent=5043"}],"wp:term":[{"taxonomy":"product_brand","embeddable":true,"href":"https:\/\/www.compumashn.net\/inicio\/wp-json\/wp\/v2\/product_brand?post=5043"},{"taxonomy":"product_cat","embeddable":true,"href":"https:\/\/www.compumashn.net\/inicio\/wp-json\/wp\/v2\/product_cat?post=5043"},{"taxonomy":"product_tag","embeddable":true,"href":"https:\/\/www.compumashn.net\/inicio\/wp-json\/wp\/v2\/product_tag?post=5043"}],"curies":[{"name":"wp","href":"https:\/\/api.w.org\/{rel}","templated":true}]}}