{"id":5056,"date":"2025-01-28T08:59:26","date_gmt":"2025-01-28T14:59:26","guid":{"rendered":"https:\/\/www.compumashn.net\/inicio\/?post_type=product&#038;p=5056"},"modified":"2025-07-06T13:01:29","modified_gmt":"2025-07-06T19:01:29","slug":"mikrotik-hap-ac","status":"publish","type":"product","link":"https:\/\/www.compumashn.net\/inicio\/product\/mikrotik-hap-ac\/","title":{"rendered":"MIKROTIK HAP AC"},"content":{"rendered":"<p>El <strong>hAP ac<\/strong> es un dispositivo inal\u00e1mbrico de banda dual ideal para hogares u oficinas, con puertos Gigabit que soportan la tecnolog\u00eda 802.11ac y son compatibles con los est\u00e1ndares 802.11 b\/g\/n de 2 GHz y a\/n de 5 GHz. Sus antenas omnidireccionales y su transmisor de alta potencia garantizan una cobertura \u00f3ptima. Incluye un puerto USB para almacenamiento o m\u00f3dems 3G\/4G, salida PoE en el \u00faltimo puerto Ethernet para alimentar otros dispositivos RouterBOARD, y una caja SFP para m\u00f3dulos de red \u00f3ptica.<\/p>\n","protected":false},"excerpt":{"rendered":"<p>Punto de acceso dual simult\u00e1neo de triple cadena de 2,4\/5 GHz, 802.11ac\/a\/n\/b\/g, cinco puertos Gigabit Ethernet, salida PoE en el puerto 5, SFP, USB para compatibilidad con 3G\/4G o almacenamiento.<\/p>\n","protected":false},"featured_media":5057,"template":"","meta":{"_monsterinsights_skip_tracking":false,"_monsterinsights_sitenote_active":false,"_monsterinsights_sitenote_note":"","_monsterinsights_sitenote_category":0},"product_brand":[159],"product_cat":[149,150],"product_tag":[],"class_list":{"0":"post-5056","1":"product","2":"type-product","3":"status-publish","4":"has-post-thumbnail","6":"product_brand-mikrotik","7":"product_cat-mikrotik","8":"product_cat-routers-ethernet","9":"notblog","11":"first","12":"instock","13":"taxable","14":"shipping-taxable","15":"purchasable","16":"product-type-simple"},"_links":{"self":[{"href":"https:\/\/www.compumashn.net\/inicio\/wp-json\/wp\/v2\/product\/5056","targetHints":{"allow":["GET"]}}],"collection":[{"href":"https:\/\/www.compumashn.net\/inicio\/wp-json\/wp\/v2\/product"}],"about":[{"href":"https:\/\/www.compumashn.net\/inicio\/wp-json\/wp\/v2\/types\/product"}],"wp:featuredmedia":[{"embeddable":true,"href":"https:\/\/www.compumashn.net\/inicio\/wp-json\/wp\/v2\/media\/5057"}],"wp:attachment":[{"href":"https:\/\/www.compumashn.net\/inicio\/wp-json\/wp\/v2\/media?parent=5056"}],"wp:term":[{"taxonomy":"product_brand","embeddable":true,"href":"https:\/\/www.compumashn.net\/inicio\/wp-json\/wp\/v2\/product_brand?post=5056"},{"taxonomy":"product_cat","embeddable":true,"href":"https:\/\/www.compumashn.net\/inicio\/wp-json\/wp\/v2\/product_cat?post=5056"},{"taxonomy":"product_tag","embeddable":true,"href":"https:\/\/www.compumashn.net\/inicio\/wp-json\/wp\/v2\/product_tag?post=5056"}],"curies":[{"name":"wp","href":"https:\/\/api.w.org\/{rel}","templated":true}]}}