{"id":5065,"date":"2025-01-28T09:19:33","date_gmt":"2025-01-28T15:19:33","guid":{"rendered":"https:\/\/www.compumashn.net\/inicio\/?post_type=product&#038;p=5065"},"modified":"2025-07-06T13:01:12","modified_gmt":"2025-07-06T19:01:12","slug":"mikrotik-crs305-1g-4sin","status":"publish","type":"product","link":"https:\/\/www.compumashn.net\/inicio\/product\/mikrotik-crs305-1g-4sin\/","title":{"rendered":"MIKROTIK CRS305-1G-4S+IN"},"content":{"rendered":"<p><span>El CRS305 es un switch compacto pero muy potente, que cuenta con cuatro puertos SFP+, para hasta 10 Gbit por puerto. El dispositivo tiene un puerto Ethernet de cobre de 1 Gbit para acceso de administraci\u00f3n o reenv\u00edo de tr\u00e1fico regular y dos conectores de CC para redundancia de energ\u00eda. El dispositivo es una carcasa met\u00e1lica muy elegante y compacta sin ventiladores, para un funcionamiento silencioso.<\/span><\/p>\n<p><span>El dispositivo tiene una funci\u00f3n de &#8220;Arranque dual&#8221; que le permite elegir entre dos sistemas operativos: RouterOS o SwOS. Si prefiere tener un sistema operativo simplificado con solo funciones espec\u00edficas del conmutador, use SwOS. Si desea tener la capacidad de usar enrutamiento y otras funciones de capa 3 en su CRS, use RouterOS. Puede seleccionar el sistema operativo deseado desde RouterOS, desde SwOS o desde la configuraci\u00f3n del cargador RouterBOOT. Todo el conjunto de funciones viene con un precio disruptivo, lo que proporciona la mejor relaci\u00f3n precio\/rendimiento del mercado.<\/span><\/p>\n","protected":false},"excerpt":{"rendered":"<p>Conmutador de escritorio de cinco puertos con un puerto Gigabit Ethernet y cuatro puertos SFP+ de 10 Gbps.<\/p>\n","protected":false},"featured_media":5067,"template":"","meta":{"_monsterinsights_skip_tracking":false,"_monsterinsights_sitenote_active":false,"_monsterinsights_sitenote_note":"","_monsterinsights_sitenote_category":0},"product_brand":[159],"product_cat":[149,154],"product_tag":[],"class_list":{"0":"post-5065","1":"product","2":"type-product","3":"status-publish","4":"has-post-thumbnail","6":"product_brand-mikrotik","7":"product_cat-mikrotik","8":"product_cat-switches","9":"notblog","11":"first","12":"instock","13":"taxable","14":"shipping-taxable","15":"purchasable","16":"product-type-simple"},"_links":{"self":[{"href":"https:\/\/www.compumashn.net\/inicio\/wp-json\/wp\/v2\/product\/5065","targetHints":{"allow":["GET"]}}],"collection":[{"href":"https:\/\/www.compumashn.net\/inicio\/wp-json\/wp\/v2\/product"}],"about":[{"href":"https:\/\/www.compumashn.net\/inicio\/wp-json\/wp\/v2\/types\/product"}],"wp:featuredmedia":[{"embeddable":true,"href":"https:\/\/www.compumashn.net\/inicio\/wp-json\/wp\/v2\/media\/5067"}],"wp:attachment":[{"href":"https:\/\/www.compumashn.net\/inicio\/wp-json\/wp\/v2\/media?parent=5065"}],"wp:term":[{"taxonomy":"product_brand","embeddable":true,"href":"https:\/\/www.compumashn.net\/inicio\/wp-json\/wp\/v2\/product_brand?post=5065"},{"taxonomy":"product_cat","embeddable":true,"href":"https:\/\/www.compumashn.net\/inicio\/wp-json\/wp\/v2\/product_cat?post=5065"},{"taxonomy":"product_tag","embeddable":true,"href":"https:\/\/www.compumashn.net\/inicio\/wp-json\/wp\/v2\/product_tag?post=5065"}],"curies":[{"name":"wp","href":"https:\/\/api.w.org\/{rel}","templated":true}]}}