{"id":5070,"date":"2025-01-28T09:23:49","date_gmt":"2025-01-28T15:23:49","guid":{"rendered":"https:\/\/www.compumashn.net\/inicio\/?post_type=product&#038;p=5070"},"modified":"2025-07-06T13:00:17","modified_gmt":"2025-07-06T19:00:17","slug":"mikrotik-hap-ax%c2%b2","status":"publish","type":"product","link":"https:\/\/www.compumashn.net\/inicio\/product\/mikrotik-hap-ax%c2%b2\/","title":{"rendered":"MIKROTIK HAP-AX\u00b2"},"content":{"rendered":"<p>El <strong>hAP ax\u00b2<\/strong> es un punto de acceso de \u00faltima generaci\u00f3n dise\u00f1ado para redes dom\u00e9sticas con el est\u00e1ndar inal\u00e1mbrico 802.11ax (Wi-Fi 6) y compatibilidad con Wave2, ofreciendo hasta un 40 % m\u00e1s de velocidad en 5 GHz y un 90 % m\u00e1s en 2,4 GHz respecto a la generaci\u00f3n anterior. Incluye una radio de doble banda y doble cadena con antenas de 4-4,5 dBi, una CPU de cuatro n\u00facleos a 864 MHz y 1 GB de RAM, ideal para tareas intensivas como reglas de firewall complejas, cifrado de hardware IPsec y funciones avanzadas de RouterOS. Soporta cifrado WPA3 y puede montarse en distintas orientaciones sin afectar la intensidad de la se\u00f1al.<\/p>\n","protected":false},"excerpt":{"rendered":"<div class=\"large-12 columns title-img2\">\n<div class=\"productTitleWrap\">\n<div class=\"productTitleTextWrap\"><span class=\"productMainDescr\"><span>Una versi\u00f3n de sexta generaci\u00f3n del legendario hAP ac\u00b2. Con entrada y salida PoE, conexi\u00f3n inal\u00e1mbrica mucho m\u00e1s r\u00e1pida, m\u00e1s RAM y una CPU moderna.<\/span><\/span><\/div>\n<\/div>\n<\/div>\n<div class=\"large-12 columns product-page\"><\/div>\n","protected":false},"featured_media":5073,"template":"","meta":{"_monsterinsights_skip_tracking":false,"_monsterinsights_sitenote_active":false,"_monsterinsights_sitenote_note":"","_monsterinsights_sitenote_category":0},"product_brand":[159],"product_cat":[149,150],"product_tag":[],"class_list":{"0":"post-5070","1":"product","2":"type-product","3":"status-publish","4":"has-post-thumbnail","6":"product_brand-mikrotik","7":"product_cat-mikrotik","8":"product_cat-routers-ethernet","9":"notblog","11":"first","12":"instock","13":"taxable","14":"shipping-taxable","15":"purchasable","16":"product-type-simple"},"_links":{"self":[{"href":"https:\/\/www.compumashn.net\/inicio\/wp-json\/wp\/v2\/product\/5070","targetHints":{"allow":["GET"]}}],"collection":[{"href":"https:\/\/www.compumashn.net\/inicio\/wp-json\/wp\/v2\/product"}],"about":[{"href":"https:\/\/www.compumashn.net\/inicio\/wp-json\/wp\/v2\/types\/product"}],"wp:featuredmedia":[{"embeddable":true,"href":"https:\/\/www.compumashn.net\/inicio\/wp-json\/wp\/v2\/media\/5073"}],"wp:attachment":[{"href":"https:\/\/www.compumashn.net\/inicio\/wp-json\/wp\/v2\/media?parent=5070"}],"wp:term":[{"taxonomy":"product_brand","embeddable":true,"href":"https:\/\/www.compumashn.net\/inicio\/wp-json\/wp\/v2\/product_brand?post=5070"},{"taxonomy":"product_cat","embeddable":true,"href":"https:\/\/www.compumashn.net\/inicio\/wp-json\/wp\/v2\/product_cat?post=5070"},{"taxonomy":"product_tag","embeddable":true,"href":"https:\/\/www.compumashn.net\/inicio\/wp-json\/wp\/v2\/product_tag?post=5070"}],"curies":[{"name":"wp","href":"https:\/\/api.w.org\/{rel}","templated":true}]}}