{"id":5078,"date":"2025-01-28T09:32:33","date_gmt":"2025-01-28T15:32:33","guid":{"rendered":"https:\/\/www.compumashn.net\/inicio\/?post_type=product&#038;p=5078"},"modified":"2025-07-06T12:59:59","modified_gmt":"2025-07-06T18:59:59","slug":"mikrotik-ccr2004-16g-2s","status":"publish","type":"product","link":"https:\/\/www.compumashn.net\/inicio\/product\/mikrotik-ccr2004-16g-2s\/","title":{"rendered":"MIKROTIK CCR2004-16G-2S+"},"content":{"rendered":"<p>El <strong>CCR2004<\/strong> combina rendimiento y eficiencia en un dise\u00f1o compacto. Equipado con una CPU Annapurna Labs Alpine v2 de 4 n\u00facleos ARMv8-A Cortex-A57 a 1.7 GHz, ofrece el mejor rendimiento de un solo n\u00facleo y por vatio entre los modelos CCR, ideal para tareas intensivas como colas y procesamiento por conexi\u00f3n. Cuenta con 18 puertos cableados: 16 puertos Gigabit Ethernet, 2 jaulas SFP+ de 10G y un puerto de consola RJ-45.<\/p>\n<p>Cada grupo de 8 puertos Gigabit Ethernet y cada jaula SFP+ tiene una l\u00ednea independiente full-duplex de 10 Gbps conectada a la CPU, eliminando cuellos de botella. Viene con 4 GB de RAM DDR4, 128 MB de almacenamiento NAND, fuentes de alimentaci\u00f3n redundantes duales, y refrigeraci\u00f3n activa en una caja de 1U para montaje en rack.<\/p>\n","protected":false},"excerpt":{"rendered":"<p>Este enrutador potente y asequible supera a todos los modelos CCR anteriores en rendimiento de un solo n\u00facleo. 16 puertos Gigabit Ethernet, 2 jaulas SFP+ de 10 G, enfriamiento activo y el mejor rendimiento de un solo n\u00facleo por vatio y el mejor rendimiento general por vatio entre todos los dispositivos CCR.<\/p>\n","protected":false},"featured_media":5081,"template":"","meta":{"_monsterinsights_skip_tracking":false,"_monsterinsights_sitenote_active":false,"_monsterinsights_sitenote_note":"","_monsterinsights_sitenote_category":0},"product_brand":[159],"product_cat":[149,150],"product_tag":[],"class_list":{"0":"post-5078","1":"product","2":"type-product","3":"status-publish","4":"has-post-thumbnail","6":"product_brand-mikrotik","7":"product_cat-mikrotik","8":"product_cat-routers-ethernet","9":"notblog","11":"first","12":"instock","13":"taxable","14":"shipping-taxable","15":"purchasable","16":"product-type-simple"},"_links":{"self":[{"href":"https:\/\/www.compumashn.net\/inicio\/wp-json\/wp\/v2\/product\/5078","targetHints":{"allow":["GET"]}}],"collection":[{"href":"https:\/\/www.compumashn.net\/inicio\/wp-json\/wp\/v2\/product"}],"about":[{"href":"https:\/\/www.compumashn.net\/inicio\/wp-json\/wp\/v2\/types\/product"}],"wp:featuredmedia":[{"embeddable":true,"href":"https:\/\/www.compumashn.net\/inicio\/wp-json\/wp\/v2\/media\/5081"}],"wp:attachment":[{"href":"https:\/\/www.compumashn.net\/inicio\/wp-json\/wp\/v2\/media?parent=5078"}],"wp:term":[{"taxonomy":"product_brand","embeddable":true,"href":"https:\/\/www.compumashn.net\/inicio\/wp-json\/wp\/v2\/product_brand?post=5078"},{"taxonomy":"product_cat","embeddable":true,"href":"https:\/\/www.compumashn.net\/inicio\/wp-json\/wp\/v2\/product_cat?post=5078"},{"taxonomy":"product_tag","embeddable":true,"href":"https:\/\/www.compumashn.net\/inicio\/wp-json\/wp\/v2\/product_tag?post=5078"}],"curies":[{"name":"wp","href":"https:\/\/api.w.org\/{rel}","templated":true}]}}