{"id":5153,"date":"2025-07-01T21:16:19","date_gmt":"2025-07-02T03:16:19","guid":{"rendered":"https:\/\/www.compumashn.net\/inicio\/?post_type=product&#038;p=5153"},"modified":"2025-07-06T14:14:00","modified_gmt":"2025-07-06T20:14:00","slug":"gt-media-v8-finder-pro-tv-dvb-s2x-s2-s-t2-t-c","status":"publish","type":"product","link":"https:\/\/www.compumashn.net\/inicio\/product\/gt-media-v8-finder-pro-tv-dvb-s2x-s2-s-t2-t-c\/","title":{"rendered":"GT MEDIA V8 FINDER PRO TV DVB-S2X\/S2\/S\/T2\/T\/C"},"content":{"rendered":"<p data-start=\"55\" data-end=\"610\">El <strong data-start=\"58\" data-end=\"83\">GTMEDIA V8 Finder Pro<\/strong> es un medidor port\u00e1til multifunci\u00f3n que cumple con los est\u00e1ndares <strong data-start=\"150\" data-end=\"173\">DVB-S2X\/S2\/S\/T2\/T\/C<\/strong> y <strong data-start=\"176\" data-end=\"209\">MPEG-2\/4 H.264\/H.265 (10-bit)<\/strong>. Destaca por su tama\u00f1o compacto, peso ligero, manejo intuitivo y otras ventajas. Gracias a su interfaz f\u00e1cil de usar, su bater\u00eda de larga duraci\u00f3n y su amplio conjunto de funciones, este medidor ofrece todo lo necesario para instalar y verificar servicios de televisi\u00f3n digital por sat\u00e9lite, se\u00f1ales de antena y se\u00f1ales de cable, tanto en viviendas unifamiliares como en edificios de varias unidades.<\/p>\n","protected":false},"excerpt":{"rendered":"<ul>\n<li>GTMEDIA V8 Finder Pro2<\/li>\n<li>Buscador de sat\u00e9lites DVB-S2X\/S2\/S\/T2\/T\/C MPEG-2\/4 H.264\/H.265 (10 bits)<\/li>\n<li>Prueba de c\u00e1maras CCTV (compatible con 1080P) VCM, ACM<\/li>\n<\/ul>\n","protected":false},"featured_media":5154,"template":"","meta":{"_monsterinsights_skip_tracking":false,"_monsterinsights_sitenote_active":false,"_monsterinsights_sitenote_note":"","_monsterinsights_sitenote_category":0},"product_brand":[164],"product_cat":[15],"product_tag":[],"class_list":{"0":"post-5153","1":"product","2":"type-product","3":"status-publish","4":"has-post-thumbnail","6":"product_brand-gtmedia","7":"product_cat-otros-productos","8":"notblog","10":"first","11":"instock","12":"taxable","13":"shipping-taxable","14":"purchasable","15":"product-type-simple"},"_links":{"self":[{"href":"https:\/\/www.compumashn.net\/inicio\/wp-json\/wp\/v2\/product\/5153","targetHints":{"allow":["GET"]}}],"collection":[{"href":"https:\/\/www.compumashn.net\/inicio\/wp-json\/wp\/v2\/product"}],"about":[{"href":"https:\/\/www.compumashn.net\/inicio\/wp-json\/wp\/v2\/types\/product"}],"wp:featuredmedia":[{"embeddable":true,"href":"https:\/\/www.compumashn.net\/inicio\/wp-json\/wp\/v2\/media\/5154"}],"wp:attachment":[{"href":"https:\/\/www.compumashn.net\/inicio\/wp-json\/wp\/v2\/media?parent=5153"}],"wp:term":[{"taxonomy":"product_brand","embeddable":true,"href":"https:\/\/www.compumashn.net\/inicio\/wp-json\/wp\/v2\/product_brand?post=5153"},{"taxonomy":"product_cat","embeddable":true,"href":"https:\/\/www.compumashn.net\/inicio\/wp-json\/wp\/v2\/product_cat?post=5153"},{"taxonomy":"product_tag","embeddable":true,"href":"https:\/\/www.compumashn.net\/inicio\/wp-json\/wp\/v2\/product_tag?post=5153"}],"curies":[{"name":"wp","href":"https:\/\/api.w.org\/{rel}","templated":true}]}}