{"id":5157,"date":"2025-07-01T21:22:17","date_gmt":"2025-07-02T03:22:17","guid":{"rendered":"https:\/\/www.compumashn.net\/inicio\/?post_type=product&#038;p=5157"},"modified":"2025-10-08T11:38:45","modified_gmt":"2025-10-08T17:38:45","slug":"gtmedia-v8-finder2-dvb-s-s2-s2x","status":"publish","type":"product","link":"https:\/\/www.compumashn.net\/inicio\/product\/gtmedia-v8-finder2-dvb-s-s2-s2x\/","title":{"rendered":"GTMEDIA V8 FINDER2 DVB-S\/S2\/S2X"},"content":{"rendered":"<p data-start=\"72\" data-end=\"505\">El <strong data-start=\"75\" data-end=\"97\">GTMEDIA V8 Finder2<\/strong> es un comprobador de se\u00f1al de sat\u00e9lite port\u00e1til que admite los est\u00e1ndares <strong data-start=\"172\" data-end=\"184\">DVB-S\/S2<\/strong> y <strong data-start=\"187\" data-end=\"214\">MPEG-2\/4 H.264 (8 bits)<\/strong>. Su tama\u00f1o reducido, peso liviano, manejo sencillo, bater\u00eda de amplia autonom\u00eda y variedad de funciones lo convierten en la herramienta ideal para realizar la instalaci\u00f3n y comprobaci\u00f3n de servicios de televisi\u00f3n digital por sat\u00e9lite en hogares particulares o edificios de varias viviendas.<\/p>\n","protected":false},"excerpt":{"rendered":"<ul>\n<li>GTMEDIA V8 Finder 2<\/li>\n<li>Buscador de se\u00f1ales de sat\u00e9lite DVB-S\/S2\/S2X Digital 1080P HD H.264<\/li>\n<li>Compatible con CCM, VCM, ACM, receptor de TV v\u00eda sat\u00e9lite<\/li>\n<\/ul>\n","protected":false},"featured_media":5158,"template":"","meta":{"_monsterinsights_skip_tracking":false,"_monsterinsights_sitenote_active":false,"_monsterinsights_sitenote_note":"","_monsterinsights_sitenote_category":0},"product_brand":[164],"product_cat":[15],"product_tag":[],"class_list":{"0":"post-5157","1":"product","2":"type-product","3":"status-publish","4":"has-post-thumbnail","6":"product_brand-gtmedia","7":"product_cat-otros-productos","8":"notblog","10":"first","11":"instock","12":"taxable","13":"shipping-taxable","14":"purchasable","15":"product-type-simple"},"_links":{"self":[{"href":"https:\/\/www.compumashn.net\/inicio\/wp-json\/wp\/v2\/product\/5157","targetHints":{"allow":["GET"]}}],"collection":[{"href":"https:\/\/www.compumashn.net\/inicio\/wp-json\/wp\/v2\/product"}],"about":[{"href":"https:\/\/www.compumashn.net\/inicio\/wp-json\/wp\/v2\/types\/product"}],"wp:featuredmedia":[{"embeddable":true,"href":"https:\/\/www.compumashn.net\/inicio\/wp-json\/wp\/v2\/media\/5158"}],"wp:attachment":[{"href":"https:\/\/www.compumashn.net\/inicio\/wp-json\/wp\/v2\/media?parent=5157"}],"wp:term":[{"taxonomy":"product_brand","embeddable":true,"href":"https:\/\/www.compumashn.net\/inicio\/wp-json\/wp\/v2\/product_brand?post=5157"},{"taxonomy":"product_cat","embeddable":true,"href":"https:\/\/www.compumashn.net\/inicio\/wp-json\/wp\/v2\/product_cat?post=5157"},{"taxonomy":"product_tag","embeddable":true,"href":"https:\/\/www.compumashn.net\/inicio\/wp-json\/wp\/v2\/product_tag?post=5157"}],"curies":[{"name":"wp","href":"https:\/\/api.w.org\/{rel}","templated":true}]}}