{"id":5393,"date":"2026-03-08T19:59:00","date_gmt":"2026-03-09T01:59:00","guid":{"rendered":"https:\/\/www.compumashn.net\/inicio\/?post_type=product&#038;p=5393"},"modified":"2026-03-08T19:59:00","modified_gmt":"2026-03-09T01:59:00","slug":"inversor-solar-1000w","status":"publish","type":"product","link":"https:\/\/www.compumashn.net\/inicio\/product\/inversor-solar-1000w\/","title":{"rendered":"INVERSOR SOLAR 1000W"},"content":{"rendered":"<p>Inversor de <strong data-start=\"310\" data-end=\"353\">onda sinusoidal pura de baja frecuencia<\/strong> dise\u00f1ado para sistemas de energ\u00eda solar y respaldo el\u00e9ctrico. Integra <strong data-start=\"424\" data-end=\"486\">controlador MPPT de 30A\/40A con eficiencia superior al 99%<\/strong> y cargador AC autom\u00e1tico de 15A con conmutaci\u00f3n autom\u00e1tica a red el\u00e9ctrica. Cuenta con <strong data-start=\"574\" data-end=\"600\">transformador toroidal<\/strong> que ofrece mayor resistencia a sobrecargas e impactos. Permite seleccionar <strong data-start=\"676\" data-end=\"705\">5 modos de funcionamiento<\/strong> y ajustar la corriente de carga. Compatible con bater\u00edas <strong data-start=\"763\" data-end=\"809\">selladas, gel, inundadas y litio (LiFePO4)<\/strong>.<\/p>\n","protected":false},"excerpt":{"rendered":"<p>INVERSOR SOLAR AMPINVT HTS-10212M30:<\/p>\n<ul>\n<li>1000W<\/li>\n<li>12VDC<\/li>\n<li>45-65HZ<\/li>\n<\/ul>\n","protected":false},"featured_media":5395,"template":"","meta":{"_monsterinsights_skip_tracking":false,"_monsterinsights_sitenote_active":false,"_monsterinsights_sitenote_note":"","_monsterinsights_sitenote_category":0},"product_brand":[],"product_cat":[121,125],"product_tag":[],"class_list":{"0":"post-5393","1":"product","2":"type-product","3":"status-publish","4":"has-post-thumbnail","6":"product_cat-electricidad","7":"product_cat-inversores","8":"notblog","10":"first","11":"instock","12":"taxable","13":"shipping-taxable","14":"purchasable","15":"product-type-simple"},"_links":{"self":[{"href":"https:\/\/www.compumashn.net\/inicio\/wp-json\/wp\/v2\/product\/5393","targetHints":{"allow":["GET"]}}],"collection":[{"href":"https:\/\/www.compumashn.net\/inicio\/wp-json\/wp\/v2\/product"}],"about":[{"href":"https:\/\/www.compumashn.net\/inicio\/wp-json\/wp\/v2\/types\/product"}],"wp:featuredmedia":[{"embeddable":true,"href":"https:\/\/www.compumashn.net\/inicio\/wp-json\/wp\/v2\/media\/5395"}],"wp:attachment":[{"href":"https:\/\/www.compumashn.net\/inicio\/wp-json\/wp\/v2\/media?parent=5393"}],"wp:term":[{"taxonomy":"product_brand","embeddable":true,"href":"https:\/\/www.compumashn.net\/inicio\/wp-json\/wp\/v2\/product_brand?post=5393"},{"taxonomy":"product_cat","embeddable":true,"href":"https:\/\/www.compumashn.net\/inicio\/wp-json\/wp\/v2\/product_cat?post=5393"},{"taxonomy":"product_tag","embeddable":true,"href":"https:\/\/www.compumashn.net\/inicio\/wp-json\/wp\/v2\/product_tag?post=5393"}],"curies":[{"name":"wp","href":"https:\/\/api.w.org\/{rel}","templated":true}]}}