{"id":5402,"date":"2026-03-08T20:18:49","date_gmt":"2026-03-09T02:18:49","guid":{"rendered":"https:\/\/www.compumashn.net\/inicio\/?post_type=product&#038;p=5402"},"modified":"2026-03-08T20:38:53","modified_gmt":"2026-03-09T02:38:53","slug":"bateria-ampinvt-lp-af51aa","status":"publish","type":"product","link":"https:\/\/www.compumashn.net\/inicio\/product\/bateria-ampinvt-lp-af51aa\/","title":{"rendered":"BATERIA AMPINVT LP-AF51AA"},"content":{"rendered":"<p data-start=\"0\" data-end=\"176\">La bater\u00eda LiFePO4 de 51.2V 100Ah es compacta, dise\u00f1ada para instalaci\u00f3n en pared, cuenta con pantalla LCD e incluye cables y accesorios listos para su instalaci\u00f3n.<\/p>\n<p data-start=\"178\" data-end=\"462\">El Sistema de Gesti\u00f3n de Bater\u00eda (BMS) monitorea y controla informaci\u00f3n de las celdas como voltaje, corriente y temperatura, protegiendo contra sobrecarga, descarga profunda, sobrecarga el\u00e9ctrica, sobrecalentamiento y cortocircuitos, lo que ayuda a prolongar la vida \u00fatil.<\/p>\n<p data-start=\"464\" data-end=\"599\">La bater\u00eda es compatible con la mayor\u00eda de los inversores del mercado gracias a sus protocolos de comunicaci\u00f3n CAN \/ RS485 \/ RS232.<\/p>\n","protected":false},"excerpt":{"rendered":"<p>Bater\u00eda LiFePO4 de 100Ah 51.2V (5.1 kWh)<br data-start=\"44\" data-end=\"47\" \/>Corriente m\u00e1xima de descarga: 100A<br data-start=\"85\" data-end=\"88\" \/>Corriente m\u00e1xima de carga: 100A<\/p>\n","protected":false},"featured_media":5403,"template":"","meta":{"_monsterinsights_skip_tracking":false,"_monsterinsights_sitenote_active":false,"_monsterinsights_sitenote_note":"","_monsterinsights_sitenote_category":0},"product_brand":[],"product_cat":[124,121],"product_tag":[],"class_list":{"0":"post-5402","1":"product","2":"type-product","3":"status-publish","4":"has-post-thumbnail","6":"product_cat-baterias","7":"product_cat-electricidad","8":"notblog","10":"first","11":"instock","12":"taxable","13":"shipping-taxable","14":"purchasable","15":"product-type-simple"},"_links":{"self":[{"href":"https:\/\/www.compumashn.net\/inicio\/wp-json\/wp\/v2\/product\/5402","targetHints":{"allow":["GET"]}}],"collection":[{"href":"https:\/\/www.compumashn.net\/inicio\/wp-json\/wp\/v2\/product"}],"about":[{"href":"https:\/\/www.compumashn.net\/inicio\/wp-json\/wp\/v2\/types\/product"}],"wp:featuredmedia":[{"embeddable":true,"href":"https:\/\/www.compumashn.net\/inicio\/wp-json\/wp\/v2\/media\/5403"}],"wp:attachment":[{"href":"https:\/\/www.compumashn.net\/inicio\/wp-json\/wp\/v2\/media?parent=5402"}],"wp:term":[{"taxonomy":"product_brand","embeddable":true,"href":"https:\/\/www.compumashn.net\/inicio\/wp-json\/wp\/v2\/product_brand?post=5402"},{"taxonomy":"product_cat","embeddable":true,"href":"https:\/\/www.compumashn.net\/inicio\/wp-json\/wp\/v2\/product_cat?post=5402"},{"taxonomy":"product_tag","embeddable":true,"href":"https:\/\/www.compumashn.net\/inicio\/wp-json\/wp\/v2\/product_tag?post=5402"}],"curies":[{"name":"wp","href":"https:\/\/api.w.org\/{rel}","templated":true}]}}