{"id":5405,"date":"2026-03-08T20:32:28","date_gmt":"2026-03-09T02:32:28","guid":{"rendered":"https:\/\/www.compumashn.net\/inicio\/?post_type=product&#038;p=5405"},"modified":"2026-03-08T20:32:29","modified_gmt":"2026-03-09T02:32:29","slug":"pelacables-plano-de-f-o-fts-01","status":"publish","type":"product","link":"https:\/\/www.compumashn.net\/inicio\/product\/pelacables-plano-de-f-o-fts-01\/","title":{"rendered":"PELACABLES PLANO DE F.O. FTS-01"},"content":{"rendered":"<ul>\n<li><span dir=\"auto\">Adecuado para cable de mariposa de 3,0*2,0 mm<\/span><br \/>\n<span dir=\"auto\">Utiliza aluminio fundido a presi\u00f3n de formaci\u00f3n \u00fanica, estructura de alta resistencia<\/span><br \/>\n<span dir=\"auto\">Hoja de acero inoxidable SUS420, filo s\u00f3lido y duradero<\/span><br \/>\n<span dir=\"auto\">Dise\u00f1o antideslizante de funda de goma, marca de escala clara<\/span><\/li>\n<\/ul>\n","protected":false},"excerpt":{"rendered":"<p class=\"product-info__title\"><span dir=\"auto\">Pelacables plano de fibra \u00f3ptica FTS-01<\/span><\/p>\n","protected":false},"featured_media":5406,"template":"","meta":{"_monsterinsights_skip_tracking":false,"_monsterinsights_sitenote_active":false,"_monsterinsights_sitenote_note":"","_monsterinsights_sitenote_category":0},"product_brand":[],"product_cat":[132,106],"product_tag":[],"class_list":{"0":"post-5405","1":"product","2":"type-product","3":"status-publish","4":"has-post-thumbnail","6":"product_cat-accesorios-fibra-optica","7":"product_cat-fibra-optica","8":"notblog","10":"first","11":"instock","12":"taxable","13":"shipping-taxable","14":"purchasable","15":"product-type-simple"},"_links":{"self":[{"href":"https:\/\/www.compumashn.net\/inicio\/wp-json\/wp\/v2\/product\/5405","targetHints":{"allow":["GET"]}}],"collection":[{"href":"https:\/\/www.compumashn.net\/inicio\/wp-json\/wp\/v2\/product"}],"about":[{"href":"https:\/\/www.compumashn.net\/inicio\/wp-json\/wp\/v2\/types\/product"}],"wp:featuredmedia":[{"embeddable":true,"href":"https:\/\/www.compumashn.net\/inicio\/wp-json\/wp\/v2\/media\/5406"}],"wp:attachment":[{"href":"https:\/\/www.compumashn.net\/inicio\/wp-json\/wp\/v2\/media?parent=5405"}],"wp:term":[{"taxonomy":"product_brand","embeddable":true,"href":"https:\/\/www.compumashn.net\/inicio\/wp-json\/wp\/v2\/product_brand?post=5405"},{"taxonomy":"product_cat","embeddable":true,"href":"https:\/\/www.compumashn.net\/inicio\/wp-json\/wp\/v2\/product_cat?post=5405"},{"taxonomy":"product_tag","embeddable":true,"href":"https:\/\/www.compumashn.net\/inicio\/wp-json\/wp\/v2\/product_tag?post=5405"}],"curies":[{"name":"wp","href":"https:\/\/api.w.org\/{rel}","templated":true}]}}